{"id":74,"date":"2025-10-13T22:40:07","date_gmt":"2025-10-13T22:40:07","guid":{"rendered":"https:\/\/colorfusionspa.cl\/?page_id=74"},"modified":"2025-11-19T00:13:57","modified_gmt":"2025-11-19T00:13:57","slug":"74-2","status":"publish","type":"page","link":"https:\/\/colorfusionspa.cl\/","title":{"rendered":"Inicio"},"content":{"rendered":"\n<div class=\"wp-block-uagb-container uagb-layout-flex uagb-block-65ecd870 alignfull uagb-is-root-container\"><div class=\"uagb-container-inner-blocks-wrap\">\n<div class=\"wp-block-uagb-container uagb-block-f9b8790a\">\n<div class=\"wp-block-uagb-image alignleft uagb-block-5cefb0ad wp-block-uagb-image--layout-default wp-block-uagb-image--effect-static wp-block-uagb-image--align-left\"><figure class=\"wp-block-uagb-image__figure\"><img decoding=\"async\" srcset=\"https:\/\/colorfusionspa.cl\/wp-content\/uploads\/2025\/10\/sublimar-1-1024x1024.jpg ,https:\/\/colorfusionspa.cl\/wp-content\/uploads\/2025\/10\/sublimar-1.jpg 780w, https:\/\/colorfusionspa.cl\/wp-content\/uploads\/2025\/10\/sublimar-1.jpg 360w\" sizes=\"auto, (max-width: 480px) 150px\" src=\"https:\/\/colorfusionspa.cl\/wp-content\/uploads\/2025\/10\/sublimar-1-1024x1024.jpg\" alt=\"\" class=\"uag-image-103\" width=\"608\" height=\"521\" title=\"sublimar\" loading=\"lazy\" role=\"img\"\/><\/figure><\/div>\n\n\n\n<div class=\"wp-block-uagb-buttons uagb-buttons__outer-wrap uagb-btn__default-btn uagb-btn-tablet__default-btn uagb-btn-mobile__default-btn uagb-block-acfa9a42\"><div class=\"uagb-buttons__wrap uagb-buttons-layout-wrap \">\n<div data-aos= \"flip-up\" data-aos-duration=\"400\" data-aos-delay=\"0\" data-aos-easing=\"ease\" data-aos-once=\"true\" class=\"wp-block-uagb-buttons-child uagb-buttons__outer-wrap uagb-block-b6f22f35 wp-block-button\"><div class=\"uagb-button__wrapper\"><a class=\"uagb-buttons-repeater wp-block-button__link\" aria-label=\"\" href=\"https:\/\/colorfusionspa.cl\/index.php\/tazones-disenos\/\" rel=\"follow noopener\" target=\"_self\" role=\"button\"><div class=\"uagb-button__link\">Tazones<\/div><\/a><\/div><\/div>\n<\/div><\/div>\n\n\n\n<div class=\"wp-block-uagb-info-box uagb-block-f401b2d4 uagb-infobox__content-wrap  uagb-infobox-icon-above-title uagb-infobox-image-valign-top\"><div class=\"uagb-ifb-content\"><div class=\"uagb-ifb-icon-wrap\"><svg xmlns=\"https:\/\/www.w3.org\/2000\/svg\" viewBox=\"0 0 512 512\"><path d=\"M0 256C0 114.6 114.6 0 256 0C397.4 0 512 114.6 512 256C512 397.4 397.4 512 256 512C114.6 512 0 397.4 0 256zM371.8 211.8C382.7 200.9 382.7 183.1 371.8 172.2C360.9 161.3 343.1 161.3 332.2 172.2L224 280.4L179.8 236.2C168.9 225.3 151.1 225.3 140.2 236.2C129.3 247.1 129.3 264.9 140.2 275.8L204.2 339.8C215.1 350.7 232.9 350.7 243.8 339.8L371.8 211.8z\"><\/path><\/svg><\/div><div class=\"uagb-ifb-title-wrap\"><h5 class=\"uagb-ifb-title-prefix\">Productos de la mejor calidad.<\/h5><h1 class=\"uagb-ifb-title\">Estampados personalizados, profesional y moderno !<\/h1><\/div><p class=\"uagb-ifb-desc\">Damos color a tus ideas con la mejor calidad en sublimaci\u00f3n. <br>Tu dise\u00f1o, nuestro arte. Sublimamos tus sue\u00f1os. <br>Cada producto, una historia plasmada con color.<\/p><div class=\"uagb-ifb-button-wrapper wp-block-button\"><a href=\"https:\/\/wa.me\/+56950280718\" class=\"uagb-infobox-cta-link wp-block-button__link\" target=\"_self\" rel=\"noopener noreferrer\" onclick=\"return true;\"><svg xmlns=\"https:\/\/www.w3.org\/2000\/svg\" viewBox=\"0 0 576 512\"><path d=\"M96 0C107.5 0 117.4 8.19 119.6 19.51L121.1 32H541.8C562.1 32 578.3 52.25 572.6 72.66L518.6 264.7C514.7 278.5 502.1 288 487.8 288H170.7L179.9 336H488C501.3 336 512 346.7 512 360C512 373.3 501.3 384 488 384H159.1C148.5 384 138.6 375.8 136.4 364.5L76.14 48H24C10.75 48 0 37.25 0 24C0 10.75 10.75 0 24 0H96zM128 464C128 437.5 149.5 416 176 416C202.5 416 224 437.5 224 464C224 490.5 202.5 512 176 512C149.5 512 128 490.5 128 464zM512 464C512 490.5 490.5 512 464 512C437.5 512 416 490.5 416 464C416 437.5 437.5 416 464 416C490.5 416 512 437.5 512 464z\"><\/path><\/svg><span class=\"uagb-inline-editing\">Haz tu pedido !<\/span><\/a><\/div><\/div><\/div>\n\n\n\n<div class=\"wp-block-uagb-image uagb-block-d61e2676 wp-block-uagb-image--layout-default wp-block-uagb-image--effect-static wp-block-uagb-image--align-none\"><figure class=\"wp-block-uagb-image__figure\"><img decoding=\"async\" srcset=\"https:\/\/colorfusionspa.cl\/wp-content\/uploads\/2025\/11\/Ninitos-Sombrero-de-camionero-luna-con-estampado-de-astronauta-1.jpg ,https:\/\/colorfusionspa.cl\/wp-content\/uploads\/2025\/11\/Ninitos-Sombrero-de-camionero-luna-con-estampado-de-astronauta-1.jpg 780w, https:\/\/colorfusionspa.cl\/wp-content\/uploads\/2025\/11\/Ninitos-Sombrero-de-camionero-luna-con-estampado-de-astronauta-1.jpg 360w\" sizes=\"auto, (max-width: 480px) 150px\" src=\"https:\/\/colorfusionspa.cl\/wp-content\/uploads\/2025\/11\/Ninitos-Sombrero-de-camionero-luna-con-estampado-de-astronauta-1.jpg\" alt=\"\" class=\"uag-image-178\" width=\"736\" height=\"980\" title=\"Ni\u00f1itos Sombrero de camionero luna &amp; con estampado de astronauta\" loading=\"lazy\" role=\"img\"\/><\/figure><\/div>\n\n\n\n<div class=\"wp-block-uagb-buttons uagb-buttons__outer-wrap uagb-btn__default-btn uagb-btn-tablet__default-btn uagb-btn-mobile__default-btn uagb-block-b758e401\"><div class=\"uagb-buttons__wrap uagb-buttons-layout-wrap \">\n<div class=\"wp-block-uagb-buttons-child uagb-buttons__outer-wrap uagb-block-a349582b wp-block-button\"><div class=\"uagb-button__wrapper\"><a class=\"uagb-buttons-repeater wp-block-button__link\" aria-label=\"\" href=\"https:\/\/colorfusionspa.cl\/index.php\/gorras\/\" rel=\"follow noopener\" target=\"_self\" role=\"button\"><div class=\"uagb-button__link\">Gorras<\/div><\/a><\/div><\/div>\n<\/div><\/div>\n\n\n\n<div class=\"wp-block-uagb-image alignleft uagb-block-d8c3767b wp-block-uagb-image--layout-default wp-block-uagb-image--effect-static wp-block-uagb-image--align-left\"><figure class=\"wp-block-uagb-image__figure\"><img decoding=\"async\" srcset=\"https:\/\/colorfusionspa.cl\/wp-content\/uploads\/2025\/10\/Sublimar-2-768x1024.jpg ,https:\/\/colorfusionspa.cl\/wp-content\/uploads\/2025\/10\/Sublimar-2.jpg 780w, https:\/\/colorfusionspa.cl\/wp-content\/uploads\/2025\/10\/Sublimar-2.jpg 360w\" sizes=\"auto, (max-width: 480px) 150px\" src=\"https:\/\/colorfusionspa.cl\/wp-content\/uploads\/2025\/10\/Sublimar-2-768x1024.jpg\" alt=\"\" class=\"uag-image-105\" width=\"608\" height=\"521\" title=\"Sublimar 2\" loading=\"lazy\" role=\"img\"\/><\/figure><\/div>\n<\/div>\n<\/div><\/div>\n\n\n\n<div class=\"wp-block-uagb-container uagb-block-2a834b40 alignfull uagb-is-root-container\"><div class=\"uagb-container-inner-blocks-wrap\">\n<div class=\"wp-block-uagb-container uagb-block-5f6dc5c8\">\n<div class=\"wp-block-uagb-info-box uagb-block-2a7c2c18 uagb-infobox__content-wrap  uagb-infobox-icon-left uagb-infobox-left uagb-infobox-stacked-mobile uagb-infobox-image-valign-top\"><div class=\"uagb-ifb-icon-wrap\"><svg xmlns=\"https:\/\/www.w3.org\/2000\/svg\" viewBox=\"0 0 384 512\"><path d=\"M240.5 224H352C365.3 224 377.3 232.3 381.1 244.7C386.6 257.2 383.1 271.3 373.1 280.1L117.1 504.1C105.8 513.9 89.27 514.7 77.19 505.9C65.1 497.1 60.7 481.1 66.59 467.4L143.5 288H31.1C18.67 288 6.733 279.7 2.044 267.3C-2.645 254.8 .8944 240.7 10.93 231.9L266.9 7.918C278.2-1.92 294.7-2.669 306.8 6.114C318.9 14.9 323.3 30.87 317.4 44.61L240.5 224z\"><\/path><\/svg><\/div><div class=\"uagb-ifb-content\"><div class=\"uagb-ifb-title-wrap\"><h4 class=\"uagb-ifb-title\"> Dise\u00f1os a tu imaginaci\u00f3n.<\/h4><\/div><\/div><\/div>\n<\/div>\n\n\n\n<div class=\"wp-block-uagb-container uagb-block-234713f5\">\n<div class=\"wp-block-uagb-info-box uagb-block-31953dc3 uagb-infobox__content-wrap  uagb-infobox-icon-left uagb-infobox-left uagb-infobox-stacked-mobile uagb-infobox-image-valign-top\"><div class=\"uagb-ifb-icon-wrap\"><svg xmlns=\"https:\/\/www.w3.org\/2000\/svg\" viewBox=\"0 0 384 512\"><path d=\"M240.5 224H352C365.3 224 377.3 232.3 381.1 244.7C386.6 257.2 383.1 271.3 373.1 280.1L117.1 504.1C105.8 513.9 89.27 514.7 77.19 505.9C65.1 497.1 60.7 481.1 66.59 467.4L143.5 288H31.1C18.67 288 6.733 279.7 2.044 267.3C-2.645 254.8 .8944 240.7 10.93 231.9L266.9 7.918C278.2-1.92 294.7-2.669 306.8 6.114C318.9 14.9 323.3 30.87 317.4 44.61L240.5 224z\"><\/path><\/svg><\/div><div class=\"uagb-ifb-content\"><div class=\"uagb-ifb-title-wrap\"><h4 class=\"uagb-ifb-title\"> Personaliza <\/h4><\/div><p class=\"uagb-ifb-desc\">lo que amas, sorprende a quien quieras.<\/p><\/div><\/div>\n<\/div>\n\n\n\n<div class=\"wp-block-uagb-container uagb-block-20af27c2\">\n<div class=\"wp-block-uagb-info-box uagb-block-c908d199 uagb-infobox__content-wrap  uagb-infobox-icon-left uagb-infobox-left uagb-infobox-stacked-mobile uagb-infobox-image-valign-top\"><div class=\"uagb-ifb-icon-wrap\"><svg xmlns=\"https:\/\/www.w3.org\/2000\/svg\" viewBox=\"0 0 384 512\"><path d=\"M240.5 224H352C365.3 224 377.3 232.3 381.1 244.7C386.6 257.2 383.1 271.3 373.1 280.1L117.1 504.1C105.8 513.9 89.27 514.7 77.19 505.9C65.1 497.1 60.7 481.1 66.59 467.4L143.5 288H31.1C18.67 288 6.733 279.7 2.044 267.3C-2.645 254.8 .8944 240.7 10.93 231.9L266.9 7.918C278.2-1.92 294.7-2.669 306.8 6.114C318.9 14.9 323.3 30.87 317.4 44.61L240.5 224z\"><\/path><\/svg><\/div><div class=\"uagb-ifb-content\"><div class=\"uagb-ifb-title-wrap\"><h4 class=\"uagb-ifb-title\"> Regalos \u00fanicos<\/h4><\/div><p class=\"uagb-ifb-desc\"> que hablan por ti.<\/p><\/div><\/div>\n<\/div>\n<\/div><\/div>\n\n\n\n<div class=\"wp-block-group is-nowrap is-layout-flex wp-container-core-group-is-layout-6c531013 wp-block-group-is-layout-flex\">\n<div class=\"wp-block-uagb-image alignleft uagb-block-3afae94a wp-block-uagb-image--layout-default wp-block-uagb-image--effect-static wp-block-uagb-image--align-left\"><figure class=\"wp-block-uagb-image__figure\"><img decoding=\"async\" srcset=\"https:\/\/colorfusionspa.cl\/wp-content\/uploads\/2025\/10\/horadeaventura-724x1024.png ,https:\/\/colorfusionspa.cl\/wp-content\/uploads\/2025\/10\/horadeaventura-scaled.png 780w, https:\/\/colorfusionspa.cl\/wp-content\/uploads\/2025\/10\/horadeaventura-scaled.png 360w\" sizes=\"auto, (max-width: 480px) 150px\" src=\"https:\/\/colorfusionspa.cl\/wp-content\/uploads\/2025\/10\/horadeaventura-724x1024.png\" alt=\"\" class=\"uag-image-127\" width=\"2480\" height=\"3508\" title=\"horadeaventura\" loading=\"lazy\" role=\"img\"\/><\/figure><\/div>\n<\/div>\n\n\n\n<h2 class=\"wp-block-heading\">Polera Algod\u00f3n dise\u00f1o hora de aventuras<\/h2>\n\n\n\n<p>$ 14.990<\/p>\n\n\n\n<hr class=\"wp-block-separator has-alpha-channel-opacity\"\/>\n\n\n\n<figure class=\"wp-block-image size-large\"><img loading=\"lazy\" decoding=\"async\" width=\"724\" height=\"1024\" src=\"https:\/\/colorfusionspa.cl\/wp-content\/uploads\/2025\/10\/horadeaventura2-724x1024.png\" alt=\"\" class=\"wp-image-129\" srcset=\"https:\/\/colorfusionspa.cl\/wp-content\/uploads\/2025\/10\/horadeaventura2-724x1024.png 724w, https:\/\/colorfusionspa.cl\/wp-content\/uploads\/2025\/10\/horadeaventura2-212x300.png 212w, https:\/\/colorfusionspa.cl\/wp-content\/uploads\/2025\/10\/horadeaventura2-768x1086.png 768w, https:\/\/colorfusionspa.cl\/wp-content\/uploads\/2025\/10\/horadeaventura2-1086x1536.png 1086w, https:\/\/colorfusionspa.cl\/wp-content\/uploads\/2025\/10\/horadeaventura2-1448x2048.png 1448w, https:\/\/colorfusionspa.cl\/wp-content\/uploads\/2025\/10\/horadeaventura2-scaled.png 1810w\" sizes=\"auto, (max-width: 724px) 100vw, 724px\" \/><\/figure>\n\n\n\n<h2 class=\"wp-block-heading\">Polera Algod\u00f3n dise\u00f1o hora de aventuras<\/h2>\n\n\n\n<p>$ 14.990<\/p>\n\n\n\n<figure class=\"wp-block-image size-large\"><img loading=\"lazy\" decoding=\"async\" width=\"724\" height=\"1024\" src=\"https:\/\/colorfusionspa.cl\/wp-content\/uploads\/2025\/10\/scooby-724x1024.png\" alt=\"\" class=\"wp-image-131\" srcset=\"https:\/\/colorfusionspa.cl\/wp-content\/uploads\/2025\/10\/scooby-724x1024.png 724w, https:\/\/colorfusionspa.cl\/wp-content\/uploads\/2025\/10\/scooby-212x300.png 212w, https:\/\/colorfusionspa.cl\/wp-content\/uploads\/2025\/10\/scooby-768x1086.png 768w, https:\/\/colorfusionspa.cl\/wp-content\/uploads\/2025\/10\/scooby-1086x1536.png 1086w, https:\/\/colorfusionspa.cl\/wp-content\/uploads\/2025\/10\/scooby-1448x2048.png 1448w, https:\/\/colorfusionspa.cl\/wp-content\/uploads\/2025\/10\/scooby-scaled.png 1810w\" sizes=\"auto, (max-width: 724px) 100vw, 724px\" \/><\/figure>\n\n\n\n<h2 class=\"wp-block-heading\">Polera de algod\u00f3n dise\u00f1o Scooby and the Gang<\/h2>\n\n\n\n<p>$ 14.990<\/p>\n\n\n\n<figure class=\"wp-block-image size-large\"><img loading=\"lazy\" decoding=\"async\" width=\"724\" height=\"1024\" src=\"https:\/\/colorfusionspa.cl\/wp-content\/uploads\/2025\/10\/Fortnite-724x1024.png\" alt=\"\" class=\"wp-image-133\" srcset=\"https:\/\/colorfusionspa.cl\/wp-content\/uploads\/2025\/10\/Fortnite-724x1024.png 724w, https:\/\/colorfusionspa.cl\/wp-content\/uploads\/2025\/10\/Fortnite-212x300.png 212w, https:\/\/colorfusionspa.cl\/wp-content\/uploads\/2025\/10\/Fortnite-768x1086.png 768w, https:\/\/colorfusionspa.cl\/wp-content\/uploads\/2025\/10\/Fortnite-1086x1536.png 1086w, https:\/\/colorfusionspa.cl\/wp-content\/uploads\/2025\/10\/Fortnite-1448x2048.png 1448w, https:\/\/colorfusionspa.cl\/wp-content\/uploads\/2025\/10\/Fortnite-scaled.png 1810w\" sizes=\"auto, (max-width: 724px) 100vw, 724px\" \/><\/figure>\n\n\n\n<h2 class=\"wp-block-heading\">Polera de algod\u00f3n dise\u00f1o Fortnite<\/h2>\n\n\n\n<p>$ 14.990<\/p>\n\n\n\n<figure class=\"wp-block-image size-large\"><img loading=\"lazy\" decoding=\"async\" width=\"724\" height=\"1024\" src=\"https:\/\/colorfusionspa.cl\/wp-content\/uploads\/2025\/10\/Mario-724x1024.png\" alt=\"\" class=\"wp-image-135\" srcset=\"https:\/\/colorfusionspa.cl\/wp-content\/uploads\/2025\/10\/Mario-724x1024.png 724w, https:\/\/colorfusionspa.cl\/wp-content\/uploads\/2025\/10\/Mario-212x300.png 212w, https:\/\/colorfusionspa.cl\/wp-content\/uploads\/2025\/10\/Mario-768x1086.png 768w, https:\/\/colorfusionspa.cl\/wp-content\/uploads\/2025\/10\/Mario-1086x1536.png 1086w, https:\/\/colorfusionspa.cl\/wp-content\/uploads\/2025\/10\/Mario-1448x2048.png 1448w, https:\/\/colorfusionspa.cl\/wp-content\/uploads\/2025\/10\/Mario-scaled.png 1810w\" sizes=\"auto, (max-width: 724px) 100vw, 724px\" \/><\/figure>\n\n\n\n<h2 class=\"wp-block-heading\">Polera de algod\u00f3n dise\u00f1o Mario Oleo<\/h2>\n\n\n\n<p>$ 14.990<\/p>\n\n\n\n<figure class=\"wp-block-image size-large\"><img loading=\"lazy\" decoding=\"async\" width=\"724\" height=\"1024\" src=\"https:\/\/colorfusionspa.cl\/wp-content\/uploads\/2025\/10\/Mario-2-724x1024.png\" alt=\"\" class=\"wp-image-136\" srcset=\"https:\/\/colorfusionspa.cl\/wp-content\/uploads\/2025\/10\/Mario-2-724x1024.png 724w, https:\/\/colorfusionspa.cl\/wp-content\/uploads\/2025\/10\/Mario-2-212x300.png 212w, https:\/\/colorfusionspa.cl\/wp-content\/uploads\/2025\/10\/Mario-2-768x1086.png 768w, https:\/\/colorfusionspa.cl\/wp-content\/uploads\/2025\/10\/Mario-2-1086x1536.png 1086w, https:\/\/colorfusionspa.cl\/wp-content\/uploads\/2025\/10\/Mario-2-1448x2048.png 1448w, https:\/\/colorfusionspa.cl\/wp-content\/uploads\/2025\/10\/Mario-2-scaled.png 1810w\" sizes=\"auto, (max-width: 724px) 100vw, 724px\" \/><\/figure>\n\n\n\n<h2 class=\"wp-block-heading\">Polera de algod\u00f3n dise\u00f1o Mario<\/h2>\n\n\n\n<p>$ 14.990<\/p>\n\n\n\n<figure class=\"wp-block-image size-large\"><img loading=\"lazy\" decoding=\"async\" width=\"724\" height=\"1024\" src=\"https:\/\/colorfusionspa.cl\/wp-content\/uploads\/2025\/10\/f1-724x1024.png\" alt=\"\" class=\"wp-image-138\" srcset=\"https:\/\/colorfusionspa.cl\/wp-content\/uploads\/2025\/10\/f1-724x1024.png 724w, https:\/\/colorfusionspa.cl\/wp-content\/uploads\/2025\/10\/f1-212x300.png 212w, https:\/\/colorfusionspa.cl\/wp-content\/uploads\/2025\/10\/f1-768x1086.png 768w, https:\/\/colorfusionspa.cl\/wp-content\/uploads\/2025\/10\/f1-1086x1536.png 1086w, https:\/\/colorfusionspa.cl\/wp-content\/uploads\/2025\/10\/f1-1448x2048.png 1448w, https:\/\/colorfusionspa.cl\/wp-content\/uploads\/2025\/10\/f1-scaled.png 1810w\" sizes=\"auto, (max-width: 724px) 100vw, 724px\" \/><\/figure>\n\n\n\n<h2 class=\"wp-block-heading\">Polera de algod\u00f3n dise\u00f1o F1 Mercedez<\/h2>\n\n\n\n<p>$ 14.990<\/p>\n\n\n\n<figure class=\"wp-block-image size-large\"><img loading=\"lazy\" decoding=\"async\" width=\"724\" height=\"1024\" src=\"https:\/\/colorfusionspa.cl\/wp-content\/uploads\/2025\/10\/F1-2-724x1024.png\" alt=\"\" class=\"wp-image-139\" srcset=\"https:\/\/colorfusionspa.cl\/wp-content\/uploads\/2025\/10\/F1-2-724x1024.png 724w, https:\/\/colorfusionspa.cl\/wp-content\/uploads\/2025\/10\/F1-2-212x300.png 212w, https:\/\/colorfusionspa.cl\/wp-content\/uploads\/2025\/10\/F1-2-768x1086.png 768w, https:\/\/colorfusionspa.cl\/wp-content\/uploads\/2025\/10\/F1-2-1086x1536.png 1086w, https:\/\/colorfusionspa.cl\/wp-content\/uploads\/2025\/10\/F1-2-1448x2048.png 1448w, https:\/\/colorfusionspa.cl\/wp-content\/uploads\/2025\/10\/F1-2-scaled.png 1810w\" sizes=\"auto, (max-width: 724px) 100vw, 724px\" \/><\/figure>\n\n\n\n<h2 class=\"wp-block-heading\">Polera de algod\u00f3n dise\u00f1o F1 Red Bull<\/h2>\n\n\n\n<p>$ 14.990<\/p>\n\n\n\n<p><\/p>\n","protected":false},"excerpt":{"rendered":"<p>Polera Algod\u00f3n dise\u00f1o hora de aventuras $ 14.990 Polera Algod\u00f3n dise\u00f1o hora de aventuras $ 14.990 Polera de algod\u00f3n dise\u00f1o [&hellip;]<\/p>\n","protected":false},"author":1,"featured_media":0,"parent":0,"menu_order":0,"comment_status":"closed","ping_status":"closed","template":"","meta":{"_uag_custom_page_level_css":"","site-sidebar-layout":"default","site-content-layout":"","ast-site-content-layout":"default","site-content-style":"default","site-sidebar-style":"default","ast-global-header-display":"","ast-banner-title-visibility":"","ast-main-header-display":"","ast-hfb-above-header-display":"","ast-hfb-below-header-display":"","ast-hfb-mobile-header-display":"","site-post-title":"","ast-breadcrumbs-content":"","ast-featured-img":"","footer-sml-layout":"","theme-transparent-header-meta":"","adv-header-id-meta":"","stick-header-meta":"","header-above-stick-meta":"","header-main-stick-meta":"","header-below-stick-meta":"","astra-migrate-meta-layouts":"default","ast-page-background-enabled":"default","ast-page-background-meta":{"desktop":{"background-color":"var(--ast-global-color-5)","background-image":"","background-repeat":"repeat","background-position":"center center","background-size":"auto","background-attachment":"scroll","background-type":"","background-media":"","overlay-type":"","overlay-color":"","overlay-opacity":"","overlay-gradient":""},"tablet":{"background-color":"","background-image":"","background-repeat":"repeat","background-position":"center center","background-size":"auto","background-attachment":"scroll","background-type":"","background-media":"","overlay-type":"","overlay-color":"","overlay-opacity":"","overlay-gradient":""},"mobile":{"background-color":"","background-image":"","background-repeat":"repeat","background-position":"center center","background-size":"auto","background-attachment":"scroll","background-type":"","background-media":"","overlay-type":"","overlay-color":"","overlay-opacity":"","overlay-gradient":""}},"ast-content-background-meta":{"desktop":{"background-color":"var(--ast-global-color-4)","background-image":"","background-repeat":"repeat","background-position":"center center","background-size":"auto","background-attachment":"scroll","background-type":"","background-media":"","overlay-type":"","overlay-color":"","overlay-opacity":"","overlay-gradient":""},"tablet":{"background-color":"var(--ast-global-color-4)","background-image":"","background-repeat":"repeat","background-position":"center center","background-size":"auto","background-attachment":"scroll","background-type":"","background-media":"","overlay-type":"","overlay-color":"","overlay-opacity":"","overlay-gradient":""},"mobile":{"background-color":"var(--ast-global-color-4)","background-image":"","background-repeat":"repeat","background-position":"center center","background-size":"auto","background-attachment":"scroll","background-type":"","background-media":"","overlay-type":"","overlay-color":"","overlay-opacity":"","overlay-gradient":""}},"footnotes":""},"class_list":["post-74","page","type-page","status-publish","hentry"],"uagb_featured_image_src":{"full":false,"thumbnail":false,"medium":false,"medium_large":false,"large":false,"1536x1536":false,"2048x2048":false},"uagb_author_info":{"display_name":"admin","author_link":"https:\/\/colorfusionspa.cl\/index.php\/author\/cco112595\/"},"uagb_comment_info":0,"uagb_excerpt":"Polera Algod\u00f3n dise\u00f1o hora de aventuras $ 14.990 Polera Algod\u00f3n dise\u00f1o hora de aventuras $ 14.990 Polera de algod\u00f3n dise\u00f1o [&hellip;]","_links":{"self":[{"href":"https:\/\/colorfusionspa.cl\/index.php\/wp-json\/wp\/v2\/pages\/74","targetHints":{"allow":["GET"]}}],"collection":[{"href":"https:\/\/colorfusionspa.cl\/index.php\/wp-json\/wp\/v2\/pages"}],"about":[{"href":"https:\/\/colorfusionspa.cl\/index.php\/wp-json\/wp\/v2\/types\/page"}],"author":[{"embeddable":true,"href":"https:\/\/colorfusionspa.cl\/index.php\/wp-json\/wp\/v2\/users\/1"}],"replies":[{"embeddable":true,"href":"https:\/\/colorfusionspa.cl\/index.php\/wp-json\/wp\/v2\/comments?post=74"}],"version-history":[{"count":34,"href":"https:\/\/colorfusionspa.cl\/index.php\/wp-json\/wp\/v2\/pages\/74\/revisions"}],"predecessor-version":[{"id":180,"href":"https:\/\/colorfusionspa.cl\/index.php\/wp-json\/wp\/v2\/pages\/74\/revisions\/180"}],"wp:attachment":[{"href":"https:\/\/colorfusionspa.cl\/index.php\/wp-json\/wp\/v2\/media?parent=74"}],"curies":[{"name":"wp","href":"https:\/\/api.w.org\/{rel}","templated":true}]}}